{"id":2,"date":"2023-12-12T14:21:30","date_gmt":"2023-12-12T14:21:30","guid":{"rendered":"https:\/\/web4.rkinformatika.net\/iluntze2023\/?page_id=2"},"modified":"2023-12-21T11:47:33","modified_gmt":"2023-12-21T11:47:33","slug":"inicio","status":"publish","type":"page","link":"https:\/\/iluntze2023.com\/eus\/","title":{"rendered":"Hasiera"},"content":{"rendered":"<div data-elementor-type=\"wp-page\" data-elementor-id=\"2\" class=\"elementor elementor-2\" data-elementor-post-type=\"page\">\n\t\t\t\t\t\t<section class=\"elementor-section elementor-top-section elementor-element elementor-element-52ab631e elementor-section-boxed elementor-section-height-default elementor-section-height-default\" data-id=\"52ab631e\" data-element_type=\"section\" data-e-type=\"section\" data-settings=\"{&quot;background_background&quot;:&quot;classic&quot;}\">\n\t\t\t\t\t\t\t<div class=\"elementor-background-overlay\"><\/div>\n\t\t\t\t\t\t\t<div class=\"elementor-container elementor-column-gap-default\">\n\t\t\t\t\t<div class=\"elementor-column elementor-col-100 elementor-top-column elementor-element elementor-element-174c4950\" data-id=\"174c4950\" data-element_type=\"column\" data-e-type=\"column\">\n\t\t\t<div class=\"elementor-widget-wrap elementor-element-populated\">\n\t\t\t\t\t\t<div class=\"elementor-element elementor-element-5354aec4 elementor-widget elementor-widget-heading\" data-id=\"5354aec4\" data-element_type=\"widget\" data-e-type=\"widget\" data-widget_type=\"heading.default\">\n\t\t\t\t<div class=\"elementor-widget-container\">\n\t\t\t\t\t<h2 class=\"elementor-heading-title elementor-size-default\">Ongi etorri Iluntzera!<\/h2>\t\t\t\t<\/div>\n\t\t\t\t<\/div>\n\t\t\t\t\t<\/div>\n\t\t<\/div>\n\t\t\t\t\t<\/div>\n\t\t<\/section>\n\t\t\t\t<section class=\"elementor-section elementor-top-section elementor-element elementor-element-699c67a elementor-reverse-mobile elementor-section-boxed elementor-section-height-default elementor-section-height-default\" data-id=\"699c67a\" data-element_type=\"section\" data-e-type=\"section\" data-settings=\"{&quot;background_background&quot;:&quot;classic&quot;}\">\n\t\t\t\t\t\t<div class=\"elementor-container elementor-column-gap-default\">\n\t\t\t\t\t<div class=\"elementor-column elementor-col-50 elementor-top-column elementor-element elementor-element-4bf19d93\" data-id=\"4bf19d93\" data-element_type=\"column\" data-e-type=\"column\" data-settings=\"{&quot;background_background&quot;:&quot;classic&quot;}\">\n\t\t\t<div class=\"elementor-widget-wrap elementor-element-populated\">\n\t\t\t\t\t\t<div class=\"elementor-element elementor-element-8345ab5 elementor-widget elementor-widget-image\" data-id=\"8345ab5\" data-element_type=\"widget\" data-e-type=\"widget\" data-widget_type=\"image.default\">\n\t\t\t\t<div class=\"elementor-widget-container\">\n\t\t\t\t\t\t\t\t\t\t\t\t\t\t\t<img fetchpriority=\"high\" decoding=\"async\" width=\"800\" height=\"534\" src=\"https:\/\/iluntze2023.com\/wp-content\/uploads\/2023\/12\/top-view-of-ground-coffee-in-portafilter-on-coffee-beans-background-1024x684.jpg\" class=\"attachment-large size-large wp-image-57\" alt=\"top view of ground coffee in portafilter on coffee beans background\" srcset=\"https:\/\/iluntze2023.com\/wp-content\/uploads\/2023\/12\/top-view-of-ground-coffee-in-portafilter-on-coffee-beans-background-1024x684.jpg 1024w, https:\/\/iluntze2023.com\/wp-content\/uploads\/2023\/12\/top-view-of-ground-coffee-in-portafilter-on-coffee-beans-background-300x200.jpg 300w, https:\/\/iluntze2023.com\/wp-content\/uploads\/2023\/12\/top-view-of-ground-coffee-in-portafilter-on-coffee-beans-background-768x513.jpg 768w, https:\/\/iluntze2023.com\/wp-content\/uploads\/2023\/12\/top-view-of-ground-coffee-in-portafilter-on-coffee-beans-background-1536x1025.jpg 1536w, https:\/\/iluntze2023.com\/wp-content\/uploads\/2023\/12\/top-view-of-ground-coffee-in-portafilter-on-coffee-beans-background-18x12.jpg 18w, https:\/\/iluntze2023.com\/wp-content\/uploads\/2023\/12\/top-view-of-ground-coffee-in-portafilter-on-coffee-beans-background.jpg 2000w\" sizes=\"(max-width: 800px) 100vw, 800px\" \/>\t\t\t\t\t\t\t\t\t\t\t\t\t\t\t<\/div>\n\t\t\t\t<\/div>\n\t\t\t\t\t<\/div>\n\t\t<\/div>\n\t\t\t\t<div class=\"elementor-column elementor-col-50 elementor-top-column elementor-element elementor-element-4a52913b\" data-id=\"4a52913b\" data-element_type=\"column\" data-e-type=\"column\">\n\t\t\t<div class=\"elementor-widget-wrap elementor-element-populated\">\n\t\t\t\t\t\t<div class=\"elementor-element elementor-element-6e12f002 elementor-widget-divider--view-line_text elementor-widget-divider--element-align-left elementor-hidden-phone elementor-invisible elementor-widget elementor-widget-divider\" data-id=\"6e12f002\" data-element_type=\"widget\" data-e-type=\"widget\" data-settings=\"{&quot;_animation&quot;:&quot;fadeInUp&quot;}\" data-widget_type=\"divider.default\">\n\t\t\t\t<div class=\"elementor-widget-container\">\n\t\t\t\t\t\t\t<div class=\"elementor-divider\">\n\t\t\t<span class=\"elementor-divider-separator\">\n\t\t\t\t\t\t\t<span class=\"elementor-divider__text elementor-divider__element\">\n\t\t\t\tGuri Buruz\t\t\t\t<\/span>\n\t\t\t\t\t\t<\/span>\n\t\t<\/div>\n\t\t\t\t\t\t<\/div>\n\t\t\t\t<\/div>\n\t\t\t\t<div class=\"elementor-element elementor-element-2d639261 elementor-invisible elementor-widget elementor-widget-heading\" data-id=\"2d639261\" data-element_type=\"widget\" data-e-type=\"widget\" data-settings=\"{&quot;_animation&quot;:&quot;fadeInUp&quot;,&quot;_animation_delay&quot;:200}\" data-widget_type=\"heading.default\">\n\t\t\t\t<div class=\"elementor-widget-container\">\n\t\t\t\t\t<h2 class=\"elementor-heading-title elementor-size-default\">Zoriontasuna Kafe batekin hasten da.\n<\/h2>\t\t\t\t<\/div>\n\t\t\t\t<\/div>\n\t\t\t\t<div class=\"elementor-element elementor-element-3be5b382 elementor-invisible elementor-widget elementor-widget-text-editor\" data-id=\"3be5b382\" data-element_type=\"widget\" data-e-type=\"widget\" data-settings=\"{&quot;_animation&quot;:&quot;fadeInUp&quot;,&quot;_animation_delay&quot;:400}\" data-widget_type=\"text-editor.default\">\n\t\t\t\t<div class=\"elementor-widget-container\">\n\t\t\t\t\t\t\t\t\t<p>Leku eroso eta modernoa gara, kafe gozoaz eta produktu fresko eta osasungarrien aukera zabalaz gozatzeko. Gure helburua esperientzia paregabea eta atsegina eskaintzea da, giro lasai eta atseginean. Zatoz gu bisitatzera eta ezagutu zuri eskaintzeko dugun guztia.<\/p>\t\t\t\t\t\t\t\t<\/div>\n\t\t\t\t<\/div>\n\t\t\t\t\t<\/div>\n\t\t<\/div>\n\t\t\t\t\t<\/div>\n\t\t<\/section>\n\t\t\t\t<section class=\"elementor-section elementor-top-section elementor-element elementor-element-20b4b815 elementor-reverse-mobile elementor-section-boxed elementor-section-height-default elementor-section-height-default\" data-id=\"20b4b815\" data-element_type=\"section\" data-e-type=\"section\" data-settings=\"{&quot;background_background&quot;:&quot;classic&quot;}\">\n\t\t\t\t\t\t<div class=\"elementor-container elementor-column-gap-default\">\n\t\t\t\t\t<div class=\"elementor-column elementor-col-100 elementor-top-column elementor-element elementor-element-232f2359\" data-id=\"232f2359\" data-element_type=\"column\" data-e-type=\"column\">\n\t\t\t<div class=\"elementor-widget-wrap elementor-element-populated\">\n\t\t\t\t\t\t<div class=\"elementor-element elementor-element-6b9e148b elementor-invisible elementor-widget elementor-widget-heading\" data-id=\"6b9e148b\" data-element_type=\"widget\" data-e-type=\"widget\" data-settings=\"{&quot;_animation&quot;:&quot;fadeInUp&quot;,&quot;_animation_delay&quot;:200}\" data-widget_type=\"heading.default\">\n\t\t\t\t<div class=\"elementor-widget-container\">\n\t\t\t\t\t<h2 class=\"elementor-heading-title elementor-size-default\">Iluntzen eskaintzen duguna<\/h2>\t\t\t\t<\/div>\n\t\t\t\t<\/div>\n\t\t\t\t<section class=\"elementor-section elementor-inner-section elementor-element elementor-element-9cd943d elementor-section-full_width elementor-section-height-default elementor-section-height-default elementor-invisible\" data-id=\"9cd943d\" data-element_type=\"section\" data-e-type=\"section\" data-settings=\"{&quot;animation&quot;:&quot;fadeInUp&quot;,&quot;animation_delay&quot;:400}\">\n\t\t\t\t\t\t<div class=\"elementor-container elementor-column-gap-default\">\n\t\t\t\t\t<div class=\"elementor-column elementor-col-25 elementor-inner-column elementor-element elementor-element-6b86755b\" data-id=\"6b86755b\" data-element_type=\"column\" data-e-type=\"column\">\n\t\t\t<div class=\"elementor-widget-wrap elementor-element-populated\">\n\t\t\t\t\t<div class=\"elementor-background-overlay\"><\/div>\n\t\t\t\t\t\t<div class=\"elementor-element elementor-element-4940480 elementor-position-top elementor-widget elementor-widget-image-box\" data-id=\"4940480\" data-element_type=\"widget\" data-e-type=\"widget\" data-widget_type=\"image-box.default\">\n\t\t\t\t<div class=\"elementor-widget-container\">\n\t\t\t\t\t<div class=\"elementor-image-box-wrapper\"><figure class=\"elementor-image-box-img\"><img decoding=\"async\" width=\"2000\" height=\"1333\" src=\"https:\/\/iluntze2023.com\/wp-content\/uploads\/2023\/12\/mushroom-coffee-in-a-cup-and-coffee-beans-trendy-drink-.jpg\" class=\"attachment-full size-full wp-image-58\" alt=\"Mushroom coffee in a cup and coffee beans, trendy drink.\" srcset=\"https:\/\/iluntze2023.com\/wp-content\/uploads\/2023\/12\/mushroom-coffee-in-a-cup-and-coffee-beans-trendy-drink-.jpg 2000w, https:\/\/iluntze2023.com\/wp-content\/uploads\/2023\/12\/mushroom-coffee-in-a-cup-and-coffee-beans-trendy-drink--300x200.jpg 300w, https:\/\/iluntze2023.com\/wp-content\/uploads\/2023\/12\/mushroom-coffee-in-a-cup-and-coffee-beans-trendy-drink--1024x682.jpg 1024w, https:\/\/iluntze2023.com\/wp-content\/uploads\/2023\/12\/mushroom-coffee-in-a-cup-and-coffee-beans-trendy-drink--768x512.jpg 768w, https:\/\/iluntze2023.com\/wp-content\/uploads\/2023\/12\/mushroom-coffee-in-a-cup-and-coffee-beans-trendy-drink--1536x1024.jpg 1536w, https:\/\/iluntze2023.com\/wp-content\/uploads\/2023\/12\/mushroom-coffee-in-a-cup-and-coffee-beans-trendy-drink--18x12.jpg 18w\" sizes=\"(max-width: 2000px) 100vw, 2000px\" \/><\/figure><div class=\"elementor-image-box-content\"><h3 class=\"elementor-image-box-title\">Kafeak<\/h3><\/div><\/div>\t\t\t\t<\/div>\n\t\t\t\t<\/div>\n\t\t\t\t\t<\/div>\n\t\t<\/div>\n\t\t\t\t<div class=\"elementor-column elementor-col-25 elementor-inner-column elementor-element elementor-element-9cd0bf4\" data-id=\"9cd0bf4\" data-element_type=\"column\" data-e-type=\"column\">\n\t\t\t<div class=\"elementor-widget-wrap elementor-element-populated\">\n\t\t\t\t\t<div class=\"elementor-background-overlay\"><\/div>\n\t\t\t\t\t\t<div class=\"elementor-element elementor-element-9284e88 elementor-position-top elementor-widget elementor-widget-image-box\" data-id=\"9284e88\" data-element_type=\"widget\" data-e-type=\"widget\" data-widget_type=\"image-box.default\">\n\t\t\t\t<div class=\"elementor-widget-container\">\n\t\t\t\t\t<div class=\"elementor-image-box-wrapper\"><figure class=\"elementor-image-box-img\"><img decoding=\"async\" width=\"2000\" height=\"1333\" src=\"https:\/\/iluntze2023.com\/wp-content\/uploads\/2023\/12\/assortment-of-spanish-pintxos.jpg\" class=\"attachment-full size-full wp-image-59\" alt=\"Assortment of Spanish pintxos\" srcset=\"https:\/\/iluntze2023.com\/wp-content\/uploads\/2023\/12\/assortment-of-spanish-pintxos.jpg 2000w, https:\/\/iluntze2023.com\/wp-content\/uploads\/2023\/12\/assortment-of-spanish-pintxos-300x200.jpg 300w, https:\/\/iluntze2023.com\/wp-content\/uploads\/2023\/12\/assortment-of-spanish-pintxos-1024x682.jpg 1024w, https:\/\/iluntze2023.com\/wp-content\/uploads\/2023\/12\/assortment-of-spanish-pintxos-768x512.jpg 768w, https:\/\/iluntze2023.com\/wp-content\/uploads\/2023\/12\/assortment-of-spanish-pintxos-1536x1024.jpg 1536w, https:\/\/iluntze2023.com\/wp-content\/uploads\/2023\/12\/assortment-of-spanish-pintxos-18x12.jpg 18w\" sizes=\"(max-width: 2000px) 100vw, 2000px\" \/><\/figure><div class=\"elementor-image-box-content\"><h3 class=\"elementor-image-box-title\">Pintxoak<\/h3><\/div><\/div>\t\t\t\t<\/div>\n\t\t\t\t<\/div>\n\t\t\t\t\t<\/div>\n\t\t<\/div>\n\t\t\t\t<div class=\"elementor-column elementor-col-25 elementor-inner-column elementor-element elementor-element-67f79e53\" data-id=\"67f79e53\" data-element_type=\"column\" data-e-type=\"column\">\n\t\t\t<div class=\"elementor-widget-wrap elementor-element-populated\">\n\t\t\t\t\t<div class=\"elementor-background-overlay\"><\/div>\n\t\t\t\t\t\t<div class=\"elementor-element elementor-element-95519a7 elementor-position-top elementor-widget elementor-widget-image-box\" data-id=\"95519a7\" data-element_type=\"widget\" data-e-type=\"widget\" data-widget_type=\"image-box.default\">\n\t\t\t\t<div class=\"elementor-widget-container\">\n\t\t\t\t\t<div class=\"elementor-image-box-wrapper\"><figure class=\"elementor-image-box-img\"><img loading=\"lazy\" decoding=\"async\" width=\"2000\" height=\"1335\" src=\"https:\/\/iluntze2023.com\/wp-content\/uploads\/2023\/12\/set-of-pinchos-on-the-table.jpg\" class=\"attachment-full size-full wp-image-61\" alt=\"Set of pinchos on the table\" srcset=\"https:\/\/iluntze2023.com\/wp-content\/uploads\/2023\/12\/set-of-pinchos-on-the-table.jpg 2000w, https:\/\/iluntze2023.com\/wp-content\/uploads\/2023\/12\/set-of-pinchos-on-the-table-300x200.jpg 300w, https:\/\/iluntze2023.com\/wp-content\/uploads\/2023\/12\/set-of-pinchos-on-the-table-1024x684.jpg 1024w, https:\/\/iluntze2023.com\/wp-content\/uploads\/2023\/12\/set-of-pinchos-on-the-table-768x513.jpg 768w, https:\/\/iluntze2023.com\/wp-content\/uploads\/2023\/12\/set-of-pinchos-on-the-table-1536x1025.jpg 1536w, https:\/\/iluntze2023.com\/wp-content\/uploads\/2023\/12\/set-of-pinchos-on-the-table-18x12.jpg 18w\" sizes=\"(max-width: 2000px) 100vw, 2000px\" \/><\/figure><div class=\"elementor-image-box-content\"><h3 class=\"elementor-image-box-title\">Pintxo Pote<\/h3><\/div><\/div>\t\t\t\t<\/div>\n\t\t\t\t<\/div>\n\t\t\t\t\t<\/div>\n\t\t<\/div>\n\t\t\t\t<div class=\"elementor-column elementor-col-25 elementor-inner-column elementor-element elementor-element-6d778c2b\" data-id=\"6d778c2b\" data-element_type=\"column\" data-e-type=\"column\">\n\t\t\t<div class=\"elementor-widget-wrap elementor-element-populated\">\n\t\t\t\t\t<div class=\"elementor-background-overlay\"><\/div>\n\t\t\t\t\t\t<div class=\"elementor-element elementor-element-1721dba elementor-position-top elementor-widget elementor-widget-image-box\" data-id=\"1721dba\" data-element_type=\"widget\" data-e-type=\"widget\" data-widget_type=\"image-box.default\">\n\t\t\t\t<div class=\"elementor-widget-container\">\n\t\t\t\t\t<div class=\"elementor-image-box-wrapper\"><figure class=\"elementor-image-box-img\"><img loading=\"lazy\" decoding=\"async\" width=\"2000\" height=\"1333\" src=\"https:\/\/iluntze2023.com\/wp-content\/uploads\/2023\/12\/alcohol.jpg\" class=\"attachment-full size-full wp-image-62\" alt=\"alcohol\" srcset=\"https:\/\/iluntze2023.com\/wp-content\/uploads\/2023\/12\/alcohol.jpg 2000w, https:\/\/iluntze2023.com\/wp-content\/uploads\/2023\/12\/alcohol-300x200.jpg 300w, https:\/\/iluntze2023.com\/wp-content\/uploads\/2023\/12\/alcohol-1024x682.jpg 1024w, https:\/\/iluntze2023.com\/wp-content\/uploads\/2023\/12\/alcohol-768x512.jpg 768w, https:\/\/iluntze2023.com\/wp-content\/uploads\/2023\/12\/alcohol-1536x1024.jpg 1536w, https:\/\/iluntze2023.com\/wp-content\/uploads\/2023\/12\/alcohol-18x12.jpg 18w\" sizes=\"(max-width: 2000px) 100vw, 2000px\" \/><\/figure><div class=\"elementor-image-box-content\"><h3 class=\"elementor-image-box-title\">Kubateoa<\/h3><\/div><\/div>\t\t\t\t<\/div>\n\t\t\t\t<\/div>\n\t\t\t\t\t<\/div>\n\t\t<\/div>\n\t\t\t\t\t<\/div>\n\t\t<\/section>\n\t\t\t\t\t<\/div>\n\t\t<\/div>\n\t\t\t\t\t<\/div>\n\t\t<\/section>\n\t\t\t\t<section class=\"elementor-section elementor-top-section elementor-element elementor-element-6f4d7dbd elementor-section-boxed elementor-section-height-default elementor-section-height-default\" data-id=\"6f4d7dbd\" data-element_type=\"section\" data-e-type=\"section\" data-settings=\"{&quot;background_background&quot;:&quot;classic&quot;}\">\n\t\t\t\t\t\t<div class=\"elementor-container elementor-column-gap-default\">\n\t\t\t\t\t<div class=\"elementor-column elementor-col-50 elementor-top-column elementor-element elementor-element-1a6d73a\" data-id=\"1a6d73a\" data-element_type=\"column\" data-e-type=\"column\">\n\t\t\t<div class=\"elementor-widget-wrap elementor-element-populated\">\n\t\t\t\t\t\t<div class=\"elementor-element elementor-element-5294c63 elementor-widget elementor-widget-heading\" data-id=\"5294c63\" data-element_type=\"widget\" data-e-type=\"widget\" data-widget_type=\"heading.default\">\n\t\t\t\t<div class=\"elementor-widget-container\">\n\t\t\t\t\t<h2 class=\"elementor-heading-title elementor-size-default\">Ordutegia<\/h2>\t\t\t\t<\/div>\n\t\t\t\t<\/div>\n\t\t\t\t<div class=\"elementor-element elementor-element-95ee9af elementor-view-default elementor-widget elementor-widget-icon\" data-id=\"95ee9af\" data-element_type=\"widget\" data-e-type=\"widget\" data-widget_type=\"icon.default\">\n\t\t\t\t<div class=\"elementor-widget-container\">\n\t\t\t\t\t\t\t<div class=\"elementor-icon-wrapper\">\n\t\t\t<div class=\"elementor-icon\">\n\t\t\t<i aria-hidden=\"true\" class=\"icon icon-alarm-clock\"><\/i>\t\t\t<\/div>\n\t\t<\/div>\n\t\t\t\t\t\t<\/div>\n\t\t\t\t<\/div>\n\t\t\t\t\t<\/div>\n\t\t<\/div>\n\t\t\t\t<div class=\"elementor-column elementor-col-50 elementor-top-column elementor-element elementor-element-59e510d\" data-id=\"59e510d\" data-element_type=\"column\" data-e-type=\"column\">\n\t\t\t<div class=\"elementor-widget-wrap elementor-element-populated\">\n\t\t\t\t\t\t<div class=\"elementor-element elementor-element-6c0d97e elementor-widget__width-initial elementor-widget elementor-widget-text-editor\" data-id=\"6c0d97e\" data-element_type=\"widget\" data-e-type=\"widget\" data-widget_type=\"text-editor.default\">\n\t\t\t\t<div class=\"elementor-widget-container\">\n\t\t\t\t\t\t\t\t\t<p>Astelehenetik ostiralera: 9: 00etatik 15: 30era eta 17: 30etik 00: 00etara.<br \/><br \/><br \/>Larunbatetik igandera: 10: 00etatik 00: 00etara<\/p>\t\t\t\t\t\t\t\t<\/div>\n\t\t\t\t<\/div>\n\t\t\t\t\t<\/div>\n\t\t<\/div>\n\t\t\t\t\t<\/div>\n\t\t<\/section>\n\t\t\t\t<\/div>","protected":false},"excerpt":{"rendered":"<p>\u00a1Bienvenido a Iluntze! Sobre Nosotros La felicidad empieza con un Caf\u00e9. Somos un lugar acogedor y moderno donde podr\u00e1s disfrutar de un delicioso caf\u00e9 y una amplia variedad de productos frescos y saludables. Nuestro objetivo es ofrecerte una experiencia \u00fanica y satisfactoria, en un ambiente relajado y agradable. Ven a visitarnos y descubre todo lo [&hellip;]<\/p>\n","protected":false},"author":1,"featured_media":0,"parent":0,"menu_order":0,"comment_status":"closed","ping_status":"closed","template":"elementor_canvas","meta":{"footnotes":""},"class_list":["post-2","page","type-page","status-publish","hentry"],"yoast_head":"<!-- This site is optimized with the Yoast SEO plugin v27.4 - https:\/\/yoast.com\/product\/yoast-seo-wordpress\/ -->\n<title>Inicio - Bar Iluntze<\/title>\n<meta name=\"robots\" content=\"index, follow, max-snippet:-1, max-image-preview:large, max-video-preview:-1\" \/>\n<link rel=\"canonical\" href=\"https:\/\/iluntze2023.com\/eus\/\" \/>\n<meta property=\"og:locale\" content=\"en_US\" \/>\n<meta property=\"og:type\" content=\"article\" \/>\n<meta property=\"og:title\" content=\"Inicio - Bar Iluntze\" \/>\n<meta property=\"og:description\" content=\"\u00a1Bienvenido a Iluntze! Sobre Nosotros La felicidad empieza con un Caf\u00e9. Somos un lugar acogedor y moderno donde podr\u00e1s disfrutar de un delicioso caf\u00e9 y una amplia variedad de productos frescos y saludables. Nuestro objetivo es ofrecerte una experiencia \u00fanica y satisfactoria, en un ambiente relajado y agradable. Ven a visitarnos y descubre todo lo [&hellip;]\" \/>\n<meta property=\"og:url\" content=\"https:\/\/iluntze2023.com\/eus\/\" \/>\n<meta property=\"og:site_name\" content=\"Bar Iluntze\" \/>\n<meta property=\"article:modified_time\" content=\"2023-12-21T11:47:33+00:00\" \/>\n<meta property=\"og:image\" content=\"https:\/\/iluntze2023.com\/wp-content\/uploads\/2023\/12\/top-view-of-ground-coffee-in-portafilter-on-coffee-beans-background-1024x684.jpg\" \/>\n<meta name=\"twitter:card\" content=\"summary_large_image\" \/>\n<meta name=\"twitter:label1\" content=\"Est. reading time\" \/>\n\t<meta name=\"twitter:data1\" content=\"2 minutua\" \/>\n<script type=\"application\/ld+json\" class=\"yoast-schema-graph\">{\"@context\":\"https:\\\/\\\/schema.org\",\"@graph\":[{\"@type\":\"WebPage\",\"@id\":\"https:\\\/\\\/iluntze2023.com\\\/\",\"url\":\"https:\\\/\\\/iluntze2023.com\\\/\",\"name\":\"Inicio - Bar Iluntze\",\"isPartOf\":{\"@id\":\"https:\\\/\\\/iluntze2023.com\\\/#website\"},\"primaryImageOfPage\":{\"@id\":\"https:\\\/\\\/iluntze2023.com\\\/#primaryimage\"},\"image\":{\"@id\":\"https:\\\/\\\/iluntze2023.com\\\/#primaryimage\"},\"thumbnailUrl\":\"https:\\\/\\\/iluntze2023.com\\\/wp-content\\\/uploads\\\/2023\\\/12\\\/top-view-of-ground-coffee-in-portafilter-on-coffee-beans-background-1024x684.jpg\",\"datePublished\":\"2023-12-12T14:21:30+00:00\",\"dateModified\":\"2023-12-21T11:47:33+00:00\",\"breadcrumb\":{\"@id\":\"https:\\\/\\\/iluntze2023.com\\\/#breadcrumb\"},\"inLanguage\":\"eu\",\"potentialAction\":[{\"@type\":\"ReadAction\",\"target\":[\"https:\\\/\\\/iluntze2023.com\\\/\"]}]},{\"@type\":\"ImageObject\",\"inLanguage\":\"eu\",\"@id\":\"https:\\\/\\\/iluntze2023.com\\\/#primaryimage\",\"url\":\"https:\\\/\\\/iluntze2023.com\\\/wp-content\\\/uploads\\\/2023\\\/12\\\/top-view-of-ground-coffee-in-portafilter-on-coffee-beans-background-1024x684.jpg\",\"contentUrl\":\"https:\\\/\\\/iluntze2023.com\\\/wp-content\\\/uploads\\\/2023\\\/12\\\/top-view-of-ground-coffee-in-portafilter-on-coffee-beans-background-1024x684.jpg\"},{\"@type\":\"BreadcrumbList\",\"@id\":\"https:\\\/\\\/iluntze2023.com\\\/#breadcrumb\",\"itemListElement\":[{\"@type\":\"ListItem\",\"position\":1,\"name\":\"Portada\",\"item\":\"https:\\\/\\\/iluntze2023.com\\\/\"},{\"@type\":\"ListItem\",\"position\":2,\"name\":\"Inicio\"}]},{\"@type\":\"WebSite\",\"@id\":\"https:\\\/\\\/iluntze2023.com\\\/#website\",\"url\":\"https:\\\/\\\/iluntze2023.com\\\/\",\"name\":\"Bar Iluntze\",\"description\":\"\",\"publisher\":{\"@id\":\"https:\\\/\\\/iluntze2023.com\\\/#organization\"},\"potentialAction\":[{\"@type\":\"SearchAction\",\"target\":{\"@type\":\"EntryPoint\",\"urlTemplate\":\"https:\\\/\\\/iluntze2023.com\\\/?s={search_term_string}\"},\"query-input\":{\"@type\":\"PropertyValueSpecification\",\"valueRequired\":true,\"valueName\":\"search_term_string\"}}],\"inLanguage\":\"eu\"},{\"@type\":\"Organization\",\"@id\":\"https:\\\/\\\/iluntze2023.com\\\/#organization\",\"name\":\"Bar Iluntze\",\"url\":\"https:\\\/\\\/iluntze2023.com\\\/\",\"logo\":{\"@type\":\"ImageObject\",\"inLanguage\":\"eu\",\"@id\":\"https:\\\/\\\/iluntze2023.com\\\/#\\\/schema\\\/logo\\\/image\\\/\",\"url\":\"https:\\\/\\\/iluntze2023.com\\\/wp-content\\\/uploads\\\/2023\\\/12\\\/cropped-1.png\",\"contentUrl\":\"https:\\\/\\\/iluntze2023.com\\\/wp-content\\\/uploads\\\/2023\\\/12\\\/cropped-1.png\",\"width\":500,\"height\":443,\"caption\":\"Bar Iluntze\"},\"image\":{\"@id\":\"https:\\\/\\\/iluntze2023.com\\\/#\\\/schema\\\/logo\\\/image\\\/\"}}]}<\/script>\n<!-- \/ Yoast SEO plugin. -->","yoast_head_json":{"title":"Inicio - Bar Iluntze","robots":{"index":"index","follow":"follow","max-snippet":"max-snippet:-1","max-image-preview":"max-image-preview:large","max-video-preview":"max-video-preview:-1"},"canonical":"https:\/\/iluntze2023.com\/eus\/","og_locale":"en_US","og_type":"article","og_title":"Inicio - Bar Iluntze","og_description":"\u00a1Bienvenido a Iluntze! Sobre Nosotros La felicidad empieza con un Caf\u00e9. Somos un lugar acogedor y moderno donde podr\u00e1s disfrutar de un delicioso caf\u00e9 y una amplia variedad de productos frescos y saludables. Nuestro objetivo es ofrecerte una experiencia \u00fanica y satisfactoria, en un ambiente relajado y agradable. Ven a visitarnos y descubre todo lo [&hellip;]","og_url":"https:\/\/iluntze2023.com\/eus\/","og_site_name":"Bar Iluntze","article_modified_time":"2023-12-21T11:47:33+00:00","og_image":[{"url":"https:\/\/iluntze2023.com\/wp-content\/uploads\/2023\/12\/top-view-of-ground-coffee-in-portafilter-on-coffee-beans-background-1024x684.jpg","type":"","width":"","height":""}],"twitter_card":"summary_large_image","twitter_misc":{"Est. reading time":"2 minutua"},"schema":{"@context":"https:\/\/schema.org","@graph":[{"@type":"WebPage","@id":"https:\/\/iluntze2023.com\/","url":"https:\/\/iluntze2023.com\/","name":"Inicio - Bar Iluntze","isPartOf":{"@id":"https:\/\/iluntze2023.com\/#website"},"primaryImageOfPage":{"@id":"https:\/\/iluntze2023.com\/#primaryimage"},"image":{"@id":"https:\/\/iluntze2023.com\/#primaryimage"},"thumbnailUrl":"https:\/\/iluntze2023.com\/wp-content\/uploads\/2023\/12\/top-view-of-ground-coffee-in-portafilter-on-coffee-beans-background-1024x684.jpg","datePublished":"2023-12-12T14:21:30+00:00","dateModified":"2023-12-21T11:47:33+00:00","breadcrumb":{"@id":"https:\/\/iluntze2023.com\/#breadcrumb"},"inLanguage":"eu","potentialAction":[{"@type":"ReadAction","target":["https:\/\/iluntze2023.com\/"]}]},{"@type":"ImageObject","inLanguage":"eu","@id":"https:\/\/iluntze2023.com\/#primaryimage","url":"https:\/\/iluntze2023.com\/wp-content\/uploads\/2023\/12\/top-view-of-ground-coffee-in-portafilter-on-coffee-beans-background-1024x684.jpg","contentUrl":"https:\/\/iluntze2023.com\/wp-content\/uploads\/2023\/12\/top-view-of-ground-coffee-in-portafilter-on-coffee-beans-background-1024x684.jpg"},{"@type":"BreadcrumbList","@id":"https:\/\/iluntze2023.com\/#breadcrumb","itemListElement":[{"@type":"ListItem","position":1,"name":"Portada","item":"https:\/\/iluntze2023.com\/"},{"@type":"ListItem","position":2,"name":"Inicio"}]},{"@type":"WebSite","@id":"https:\/\/iluntze2023.com\/#website","url":"https:\/\/iluntze2023.com\/","name":"Bar Iluntze","description":"","publisher":{"@id":"https:\/\/iluntze2023.com\/#organization"},"potentialAction":[{"@type":"SearchAction","target":{"@type":"EntryPoint","urlTemplate":"https:\/\/iluntze2023.com\/?s={search_term_string}"},"query-input":{"@type":"PropertyValueSpecification","valueRequired":true,"valueName":"search_term_string"}}],"inLanguage":"eu"},{"@type":"Organization","@id":"https:\/\/iluntze2023.com\/#organization","name":"Bar Iluntze","url":"https:\/\/iluntze2023.com\/","logo":{"@type":"ImageObject","inLanguage":"eu","@id":"https:\/\/iluntze2023.com\/#\/schema\/logo\/image\/","url":"https:\/\/iluntze2023.com\/wp-content\/uploads\/2023\/12\/cropped-1.png","contentUrl":"https:\/\/iluntze2023.com\/wp-content\/uploads\/2023\/12\/cropped-1.png","width":500,"height":443,"caption":"Bar Iluntze"},"image":{"@id":"https:\/\/iluntze2023.com\/#\/schema\/logo\/image\/"}}]}},"_links":{"self":[{"href":"https:\/\/iluntze2023.com\/eus\/wp-json\/wp\/v2\/pages\/2","targetHints":{"allow":["GET"]}}],"collection":[{"href":"https:\/\/iluntze2023.com\/eus\/wp-json\/wp\/v2\/pages"}],"about":[{"href":"https:\/\/iluntze2023.com\/eus\/wp-json\/wp\/v2\/types\/page"}],"author":[{"embeddable":true,"href":"https:\/\/iluntze2023.com\/eus\/wp-json\/wp\/v2\/users\/1"}],"replies":[{"embeddable":true,"href":"https:\/\/iluntze2023.com\/eus\/wp-json\/wp\/v2\/comments?post=2"}],"version-history":[{"count":23,"href":"https:\/\/iluntze2023.com\/eus\/wp-json\/wp\/v2\/pages\/2\/revisions"}],"predecessor-version":[{"id":173,"href":"https:\/\/iluntze2023.com\/eus\/wp-json\/wp\/v2\/pages\/2\/revisions\/173"}],"wp:attachment":[{"href":"https:\/\/iluntze2023.com\/eus\/wp-json\/wp\/v2\/media?parent=2"}],"curies":[{"name":"wp","href":"https:\/\/api.w.org\/{rel}","templated":true}]}}